{"id":8,"date":"2018-11-07T11:05:52","date_gmt":"2018-11-07T10:05:52","guid":{"rendered":"http:\/\/www.marginalization.usd.cas.cz\/en\/?page_id=8"},"modified":"2021-12-01T11:03:12","modified_gmt":"2021-12-01T10:03:12","slug":"tym","status":"publish","type":"page","link":"https:\/\/www.marginalization.usd.cas.cz\/en\/tym\/","title":{"rendered":"Research team"},"content":{"rendered":"<p><a href=\"https:\/\/www.marginalization.usd.cas.cz\/en\/tym\/zdenko-marsalek\/\"><img loading=\"lazy\" decoding=\"async\" class=\"alignnone wp-image-211 size-thumbnail\" src=\"https:\/\/www.marginalization.usd.cas.cz\/en\/wp-content\/uploads\/2019\/02\/marsalek-150x150.png\" alt=\"\" width=\"150\" height=\"150\" srcset=\"https:\/\/www.marginalization.usd.cas.cz\/en\/wp-content\/uploads\/2019\/02\/marsalek-150x150.png 150w, https:\/\/www.marginalization.usd.cas.cz\/en\/wp-content\/uploads\/2019\/02\/marsalek.png 200w\" sizes=\"(max-width: 150px) 100vw, 150px\" \/>\u00a0<\/a><a href=\"https:\/\/www.marginalization.usd.cas.cz\/en\/tym\/milan-sovilj\/\"><img loading=\"lazy\" decoding=\"async\" class=\"alignnone wp-image-214 size-thumbnail\" src=\"https:\/\/www.marginalization.usd.cas.cz\/en\/wp-content\/uploads\/2019\/02\/sovilj-150x150.png\" alt=\"\" width=\"150\" height=\"150\" srcset=\"https:\/\/www.marginalization.usd.cas.cz\/en\/wp-content\/uploads\/2019\/02\/sovilj-150x150.png 150w, https:\/\/www.marginalization.usd.cas.cz\/en\/wp-content\/uploads\/2019\/02\/sovilj.png 200w\" sizes=\"(max-width: 150px) 100vw, 150px\" \/><\/a>\u00a0<a href=\"https:\/\/www.marginalization.usd.cas.cz\/en\/tym\/jiri-neminar\/\"><img loading=\"lazy\" decoding=\"async\" class=\"alignnone wp-image-212 size-thumbnail\" src=\"https:\/\/www.marginalization.usd.cas.cz\/en\/wp-content\/uploads\/2019\/04\/neminar-kn.png\" alt=\"\" width=\"150\" height=\"150\" \/><\/a><a href=\"https:\/\/www.marginalization.usd.cas.cz\/en\/tym\/vladimir-pilat\/\"> <img loading=\"lazy\" decoding=\"async\" class=\"alignnone wp-image-213 size-thumbnail\" src=\"https:\/\/www.marginalization.usd.cas.cz\/en\/wp-content\/uploads\/2019\/02\/pilat-150x150.png\" alt=\"\" width=\"150\" height=\"150\" srcset=\"https:\/\/www.marginalization.usd.cas.cz\/en\/wp-content\/uploads\/2019\/02\/pilat-150x150.png 150w, https:\/\/www.marginalization.usd.cas.cz\/en\/wp-content\/uploads\/2019\/02\/pilat.png 200w\" sizes=\"(max-width: 150px) 100vw, 150px\" \/> <\/a><\/p>\n<p>The project leader is <a href=\"https:\/\/www.marginalization.usd.cas.cz\/en\/tym\/zdenko-marsalek\/\">Dr. Zdenko Mar\u0161\u00e1lek<\/a>, and <a href=\"https:\/\/www.marginalization.usd.cas.cz\/en\/tym\/milan-sovilj\/\">Dr. Milan Sovilj<\/a>, <a href=\"https:\/\/www.marginalization.usd.cas.cz\/en\/tym\/jiri-neminar\/\">dr. Ji\u0159\u00ed Nemin\u00e1\u0159<\/a> and <a href=\"https:\/\/www.marginalization.usd.cas.cz\/en\/tym\/vladimir-pilat\/\">dr. Vladim\u00edr Pil\u00e1t, CSc.<\/a> are co-investigators. The small team includes the older, middle as well as the young generation of historians. The selection of the team is based on the previous research results of individual members, which appropriately overlaps or complements. The individual members previously approached the subject with different intensity, but above all, with different methodology. The team plans to cooperate with other Czech and, above all, foreign experts, and to integrate different approaches, especially in terms of macro- and regional history. The search for an international context should become one of the hallmarks of the project.<\/p>\n","protected":false},"excerpt":{"rendered":"<p>\u00a0\u00a0 The project leader is Dr. Zdenko Mar\u0161\u00e1lek, and Dr. Milan Sovilj, dr. Ji\u0159\u00ed Nemin\u00e1\u0159 and dr. Vladim\u00edr Pil\u00e1t, CSc. are co-investigators. The small team includes the older, middle as well as the young generation of historians. The selection of the team is based on the previous research results of individual members, which appropriately overlaps &hellip; <a href=\"https:\/\/www.marginalization.usd.cas.cz\/en\/tym\/\" class=\"more-link\">Pokra\u010dov\u00e1n\u00ed textu <span class=\"screen-reader-text\">Research team<\/span> <span class=\"meta-nav\">&rarr;<\/span><\/a><\/p>\n","protected":false},"author":1,"featured_media":0,"parent":0,"menu_order":0,"comment_status":"closed","ping_status":"closed","template":"","meta":{"footnotes":""},"_links":{"self":[{"href":"https:\/\/www.marginalization.usd.cas.cz\/en\/wp-json\/wp\/v2\/pages\/8"}],"collection":[{"href":"https:\/\/www.marginalization.usd.cas.cz\/en\/wp-json\/wp\/v2\/pages"}],"about":[{"href":"https:\/\/www.marginalization.usd.cas.cz\/en\/wp-json\/wp\/v2\/types\/page"}],"author":[{"embeddable":true,"href":"https:\/\/www.marginalization.usd.cas.cz\/en\/wp-json\/wp\/v2\/users\/1"}],"replies":[{"embeddable":true,"href":"https:\/\/www.marginalization.usd.cas.cz\/en\/wp-json\/wp\/v2\/comments?post=8"}],"version-history":[{"count":20,"href":"https:\/\/www.marginalization.usd.cas.cz\/en\/wp-json\/wp\/v2\/pages\/8\/revisions"}],"predecessor-version":[{"id":730,"href":"https:\/\/www.marginalization.usd.cas.cz\/en\/wp-json\/wp\/v2\/pages\/8\/revisions\/730"}],"wp:attachment":[{"href":"https:\/\/www.marginalization.usd.cas.cz\/en\/wp-json\/wp\/v2\/media?parent=8"}],"curies":[{"name":"wp","href":"https:\/\/api.w.org\/{rel}","templated":true}]}}