{"id":745,"date":"2021-12-06T11:03:09","date_gmt":"2021-12-06T10:03:09","guid":{"rendered":"http:\/\/www.marginalization.usd.cas.cz\/en\/?page_id=745"},"modified":"2022-01-17T10:25:56","modified_gmt":"2022-01-17T09:25:56","slug":"zdenko-marsalek-z-nepratelske-do-nasi-uniformy-vojaci-wehrmachtu-ze-slanska-jako-dobrovolnici-ceskoslovenske-zahranicni-armady","status":"publish","type":"page","link":"https:\/\/www.marginalization.usd.cas.cz\/en\/zdenko-marsalek-z-nepratelske-do-nasi-uniformy-vojaci-wehrmachtu-ze-slanska-jako-dobrovolnici-ceskoslovenske-zahranicni-armady\/","title":{"rendered":"Zdenko Mar\u0161\u00e1lek: Z nep\u0159\u00e1telsk\u00e9 do \u201ena\u0161\u00ed\u201c uniformy. Voj\u00e1ci wehrmachtu ze Sl\u00e1nska jako dobrovoln\u00edci \u010deskoslovensk\u00e9 zahrani\u010dn\u00ed arm\u00e1dy"},"content":{"rendered":"\r\n<p>[From enemy to \u201cour\u201d uniform: Wehrmacht soldiers from the Slan\u00fd Region as volunteers for the Czechoslovak army-in-exile].<\/p>\r\n\r\n\r\n\r\n<p>The study deals with the fate of German Wehrmacht soldiers, who volunteered from the captivity for the Czechoslovak Army-in-exile during the Second World War. The fact that at the end of the war, every third soldier of the Czechoslovak units formed alongside the Allies in Great Britain was a former German soldier, did not respond to the propaganda-shaped image of the resistance in exile, and was therefore marginalised. Colour fates of the men in this group is documented by an example of four soldiers born in the Slan\u00fd Region.<\/p>\r\n\r\n<p><a href=\"http:\/\/www.marginalization.usd.cas.cz\/wp-content\/uploads\/2021\/03\/2018_01-Slan\u00fd-sborn\u00edk.png\"><img loading=\"lazy\" decoding=\"async\" class=\"size-full wp-image-847 aligncenter\" src=\"http:\/\/www.marginalization.usd.cas.cz\/wp-content\/uploads\/2021\/03\/2018_01-Slan\u00fd-sborn\u00edk.png\" alt=\"\" width=\"170\" height=\"240\" \/><\/a><\/p>","protected":false},"excerpt":{"rendered":"<p>[From enemy to \u201cour\u201d uniform: Wehrmacht soldiers from the Slan\u00fd Region as volunteers for the Czechoslovak army-in-exile]. The study deals with the fate of German Wehrmacht soldiers, who volunteered from the captivity for the Czechoslovak Army-in-exile during the Second World War. The fact that at the end of the war, every third soldier of the &hellip; <a href=\"https:\/\/www.marginalization.usd.cas.cz\/en\/zdenko-marsalek-z-nepratelske-do-nasi-uniformy-vojaci-wehrmachtu-ze-slanska-jako-dobrovolnici-ceskoslovenske-zahranicni-armady\/\" class=\"more-link\">Pokra\u010dov\u00e1n\u00ed textu <span class=\"screen-reader-text\">Zdenko Mar\u0161\u00e1lek: Z nep\u0159\u00e1telsk\u00e9 do \u201ena\u0161\u00ed\u201c uniformy. Voj\u00e1ci wehrmachtu ze Sl\u00e1nska jako dobrovoln\u00edci \u010deskoslovensk\u00e9 zahrani\u010dn\u00ed arm\u00e1dy<\/span> <span class=\"meta-nav\">&rarr;<\/span><\/a><\/p>\n","protected":false},"author":1,"featured_media":0,"parent":0,"menu_order":0,"comment_status":"closed","ping_status":"closed","template":"","meta":{"footnotes":""},"_links":{"self":[{"href":"https:\/\/www.marginalization.usd.cas.cz\/en\/wp-json\/wp\/v2\/pages\/745"}],"collection":[{"href":"https:\/\/www.marginalization.usd.cas.cz\/en\/wp-json\/wp\/v2\/pages"}],"about":[{"href":"https:\/\/www.marginalization.usd.cas.cz\/en\/wp-json\/wp\/v2\/types\/page"}],"author":[{"embeddable":true,"href":"https:\/\/www.marginalization.usd.cas.cz\/en\/wp-json\/wp\/v2\/users\/1"}],"replies":[{"embeddable":true,"href":"https:\/\/www.marginalization.usd.cas.cz\/en\/wp-json\/wp\/v2\/comments?post=745"}],"version-history":[{"count":4,"href":"https:\/\/www.marginalization.usd.cas.cz\/en\/wp-json\/wp\/v2\/pages\/745\/revisions"}],"predecessor-version":[{"id":801,"href":"https:\/\/www.marginalization.usd.cas.cz\/en\/wp-json\/wp\/v2\/pages\/745\/revisions\/801"}],"wp:attachment":[{"href":"https:\/\/www.marginalization.usd.cas.cz\/en\/wp-json\/wp\/v2\/media?parent=745"}],"curies":[{"name":"wp","href":"https:\/\/api.w.org\/{rel}","templated":true}]}}