{"id":66,"date":"2018-11-12T12:43:56","date_gmt":"2018-11-12T11:43:56","guid":{"rendered":"http:\/\/www.marginalization.usd.cas.cz\/en\/?page_id=66"},"modified":"2021-12-15T12:02:51","modified_gmt":"2021-12-15T11:02:51","slug":"pracoviste","status":"publish","type":"page","link":"https:\/\/www.marginalization.usd.cas.cz\/en\/pracoviste\/","title":{"rendered":"Institutions"},"content":{"rendered":"\n<div class=\"wp-block-image\"><figure class=\"alignright is-resized\"><a href=\"http:\/\/www.usd.cas.cz\/\" target=\"_blank\" rel=\"noreferrer noopener\"><img loading=\"lazy\" decoding=\"async\" src=\"https:\/\/www.marginalization.usd.cas.cz\/en\/wp-content\/uploads\/2019\/03\/usd-1.jpg\" alt=\"\" class=\"wp-image-506\" width=\"74\" height=\"113\"\/><\/a><\/figure><\/div>\n\n\n\n<p><strong>The Institute of Contemporary History of the Czech Academy of Sciences <\/strong>is the guarantor of the project. Since its foundation in 1990, its function is to undertake primary research into post-1938 Czech and Czechoslovak history in the international context. The idea of its foundation was based on experience of most Western European countries, where such institutes focused on the research of recent history had been already active for several decades. The aim was to establish a workplace for independent research of Czechoslovak history between the years 1938\u20131989, because under the communist regime the research of (not only) this period was subjected to systematic ideological supervision. The internal structure of the Institute has changed over time with the main focus of enquiry shifting from the study of key events in the political history of Czechoslovakia during the period of communist dominance in the first years of the Institute\u2019s existence, to a multilayered exploration of contemporary history from sociological, economic, international, gender etc. perspectives. The timeframe of research is also changing becoming involved up to the present, and the period after 1989 is now one of the most important research fields for the Institute.<\/p>\n\n\n\n<p>The project also envisages the collaborating with other workplaces of the individual team members, especially the <strong><a href=\"https:\/\/www.muzeum-hlucinska.cz\/\">Museum of the Hlu\u010d\u00edn Region<\/a><\/strong>, which will play a large role in organizing the international conference and other meetings, and the <strong><a href=\"http:\/\/www.vuapraha.cz\/\">Military Historical Archive in Prague<\/a><\/strong>. Team members hope that they will be able to attract foreign partners and institutions as well.<\/p>\n\n\n\n<figure class=\"wp-block-gallery columns-2 is-cropped wp-block-gallery-1 is-layout-flex wp-block-gallery-is-layout-flex\"><ul class=\"blocks-gallery-grid\"><li class=\"blocks-gallery-item\"><figure><img loading=\"lazy\" decoding=\"async\" width=\"600\" height=\"450\" src=\"https:\/\/www.marginalization.usd.cas.cz\/en\/wp-content\/uploads\/2019\/03\/usd.jpg\" alt=\"\u00dastav soudob\u00fdch d\u011bjin AV\u010cR, v.v.vi\" data-id=\"366\" data-link=\"https:\/\/www.marginalization.usd.cas.cz\/en\/pracoviste\/usd\/\" class=\"wp-image-366\" srcset=\"https:\/\/www.marginalization.usd.cas.cz\/en\/wp-content\/uploads\/2019\/03\/usd.jpg 600w, https:\/\/www.marginalization.usd.cas.cz\/en\/wp-content\/uploads\/2019\/03\/usd-300x225.jpg 300w\" sizes=\"(max-width: 600px) 100vw, 600px\" \/><\/a><figcaption class=\"blocks-gallery-item__caption\"><a href=\"http:\/\/www.usd.cas.cz\">Institute of Contemporary History of the Czech Academy of Science<\/a><\/figcaption><\/figure><\/li><li class=\"blocks-gallery-item\"><figure><a href=\"https:\/\/www.marginalization.usd.cas.cz\/en\/muzeum-hlucinska\/\"><img loading=\"lazy\" decoding=\"async\" width=\"600\" height=\"450\" src=\"https:\/\/www.marginalization.usd.cas.cz\/en\/wp-content\/uploads\/2019\/03\/ihm.jpg\" alt=\"Muzeum Hlu\u010d\u00ednska\" data-id=\"367\" data-link=\"https:\/\/www.marginalization.usd.cas.cz\/en\/muzeum-hlucinska\/\" class=\"wp-image-367\" srcset=\"https:\/\/www.marginalization.usd.cas.cz\/en\/wp-content\/uploads\/2019\/03\/ihm.jpg 600w, https:\/\/www.marginalization.usd.cas.cz\/en\/wp-content\/uploads\/2019\/03\/ihm-300x225.jpg 300w\" sizes=\"(max-width: 600px) 100vw, 600px\" \/><\/a><figcaption class=\"blocks-gallery-item__caption\"><a href=\"https:\/\/www.muzeum-hlucinska.cz\/\" target=\"_blank\" rel=\"noreferrer noopener\" aria-label=\"Museum of the Hlu\u010d\u00edn Region see more here (opens in a new tab)\">Museum of the Hlu\u010d\u00edn Region see more here<\/a><\/figcaption><\/figure><\/li><\/ul><\/figure>\n\n\n\n<p><\/p>\n","protected":false},"excerpt":{"rendered":"<p>The Institute of Contemporary History of the Czech Academy of Sciences is the guarantor of the project. Since its foundation in 1990, its function is to undertake primary research into post-1938 Czech and Czechoslovak history in the international context. The idea of its foundation was based on experience of most Western European countries, where such &hellip; <a href=\"https:\/\/www.marginalization.usd.cas.cz\/en\/pracoviste\/\" class=\"more-link\">Pokra\u010dov\u00e1n\u00ed textu <span class=\"screen-reader-text\">Institutions<\/span> <span class=\"meta-nav\">&rarr;<\/span><\/a><\/p>\n","protected":false},"author":1,"featured_media":0,"parent":0,"menu_order":0,"comment_status":"closed","ping_status":"closed","template":"","meta":{"footnotes":""},"_links":{"self":[{"href":"https:\/\/www.marginalization.usd.cas.cz\/en\/wp-json\/wp\/v2\/pages\/66"}],"collection":[{"href":"https:\/\/www.marginalization.usd.cas.cz\/en\/wp-json\/wp\/v2\/pages"}],"about":[{"href":"https:\/\/www.marginalization.usd.cas.cz\/en\/wp-json\/wp\/v2\/types\/page"}],"author":[{"embeddable":true,"href":"https:\/\/www.marginalization.usd.cas.cz\/en\/wp-json\/wp\/v2\/users\/1"}],"replies":[{"embeddable":true,"href":"https:\/\/www.marginalization.usd.cas.cz\/en\/wp-json\/wp\/v2\/comments?post=66"}],"version-history":[{"count":47,"href":"https:\/\/www.marginalization.usd.cas.cz\/en\/wp-json\/wp\/v2\/pages\/66\/revisions"}],"predecessor-version":[{"id":787,"href":"https:\/\/www.marginalization.usd.cas.cz\/en\/wp-json\/wp\/v2\/pages\/66\/revisions\/787"}],"wp:attachment":[{"href":"https:\/\/www.marginalization.usd.cas.cz\/en\/wp-json\/wp\/v2\/media?parent=66"}],"curies":[{"name":"wp","href":"https:\/\/api.w.org\/{rel}","templated":true}]}}