{"id":60,"date":"2018-11-07T20:27:43","date_gmt":"2018-11-07T19:27:43","guid":{"rendered":"http:\/\/www.marginalization.usd.cas.cz\/en\/?page_id=60"},"modified":"2021-12-01T11:01:02","modified_gmt":"2021-12-01T10:01:02","slug":"vladimir-pilat","status":"publish","type":"page","link":"https:\/\/www.marginalization.usd.cas.cz\/en\/tym\/vladimir-pilat\/","title":{"rendered":"PhDr. Vladim\u00edr Pil\u00e1t, CSc.\ufeff"},"content":{"rendered":"\n<div class=\"wp-block-image\"><figure class=\"alignright is-resized\"><img loading=\"lazy\" decoding=\"async\" src=\"https:\/\/www.marginalization.usd.cas.cz\/en\/wp-content\/uploads\/2019\/04\/pilat-P.jpg\" alt=\"\" class=\"wp-image-716\" width=\"186\" height=\"218\" srcset=\"https:\/\/www.marginalization.usd.cas.cz\/en\/wp-content\/uploads\/2019\/04\/pilat-P.jpg 300w, https:\/\/www.marginalization.usd.cas.cz\/en\/wp-content\/uploads\/2019\/04\/pilat-P-256x300.jpg 256w\" sizes=\"(max-width: 186px) 100vw, 186px\" \/><figcaption>All-focus<\/figcaption><\/figure><\/div>\n\n\n\n<p><\/p>\n\n\n\n<p><strong><strong>Place of employment:<\/strong> <\/strong>Military Historical Archives in Prague<\/p>\n\n\n\n<p><strong><strong>Address:<\/strong> <\/strong>Pilot\u016f 217\/12, 161 00 Praha 6, Czech Republic<\/p>\n\n\n\n<p><strong>E-mail: <\/strong><a href=\"mailto: oshv@seznam.cz\">oshv@seznam.cz<\/a><\/p>\n\n\n\n<p>Vladim\u00edr Pil\u00e1t studied history and Russian at the Faculty of Arts of the Charles University in Prague. At the then Czechoslovak Institute of Czechoslovak- and World History of the Czechoslovak Academy of Sciences in 1990, he defended his Candidate Work <em>The question of the defence contribution of the Federal Republic of Germany in 1949\u20131954<\/em>. He dealt in particular with the military history of the Second World War and of the conflicts after 1945. During his work at the Historical Institute of the Army of the Czech Republic he participated in important international conferences and projects (e.g., W. Heinemann \u2013 Norbert Wiggerhaus (edd.): <em>Das Internationale Krisenjahr 1956: Polen, Hungary, Suez<\/em>,M\u00fcnchen, Oldenburg Verlag 1999). Among other outcomes, he is a co-author of the successful two-volume publication <em>The History of European Civilization<\/em>, Prague \u2013 Litomy\u0161l, Paseka 1995, and <em>Dearly paid Freedom: Liberation of Czechoslovakia 1944\u20131945<\/em>, Prague \u2013 Litomy\u0161l, Paseka 2008. Since 2004 he has worked on creating electronic databases in the Military Historical Archives in Prague and translating German, English and Russian books.<\/p>\n\n\n\n<div class=\"wp-block-image\"><figure class=\"alignright is-resized\"><a href=\"https:\/\/www.marginalization.usd.cas.cz\/en\/wp-content\/uploads\/2019\/03\/pilat.jpg\"><img loading=\"lazy\" decoding=\"async\" src=\"https:\/\/www.marginalization.usd.cas.cz\/en\/wp-content\/uploads\/2019\/03\/pilat.jpg\" alt=\"PhDr. Vladim\u00edr Pil\u00e1t, CSc.\ufeff\" class=\"wp-image-496\" width=\"228\" height=\"170\" srcset=\"https:\/\/www.marginalization.usd.cas.cz\/en\/wp-content\/uploads\/2019\/03\/pilat.jpg 800w, https:\/\/www.marginalization.usd.cas.cz\/en\/wp-content\/uploads\/2019\/03\/pilat-300x225.jpg 300w, https:\/\/www.marginalization.usd.cas.cz\/en\/wp-content\/uploads\/2019\/03\/pilat-768x576.jpg 768w\" sizes=\"(max-width: 228px) 100vw, 228px\" \/><\/a><\/figure><\/div>\n\n\n\n<p><strong><em><strong><em>Work and research experience<\/em><\/strong><\/em><\/strong><\/p>\n\n\n\n<ul><li>1985 \u2013 1990:Institute of Czech and World History, Czechoslovak Academy of Sciences<\/li><li>1990 \u2013 2002: Military Historical Institute (later Historical Institute of the Army of the Czech Republic), senior researcher<\/li><li>2004 \u2013 2019: Military Historical Archives in Prague, research fellow<\/li><\/ul>\n\n\n\n<p><strong><em><strong><em>Previous outcomes related to the project<\/em><\/strong><\/em><\/strong><\/p>\n\n\n\n<ul><li><em><em>Database of the soldiers of the Czechoslovak army-in-exile during the Second World War<\/em>. Military Historical Archives in Prague 2005\u20132013 (with Z. Mar\u0161\u00e1lek, M. Bro\u017e, P. Hofman and others).<\/em><strong><em><br><\/em><\/strong><\/li><\/ul>\n","protected":false},"excerpt":{"rendered":"<p>Place of employment: Military Historical Archives in Prague Address: Pilot\u016f 217\/12, 161 00 Praha 6, Czech Republic E-mail: oshv@seznam.cz Vladim\u00edr Pil\u00e1t studied history and Russian at the Faculty of Arts of the Charles University in Prague. At the then Czechoslovak Institute of Czechoslovak- and World History of the Czechoslovak Academy of Sciences in 1990, he &hellip; <a href=\"https:\/\/www.marginalization.usd.cas.cz\/en\/tym\/vladimir-pilat\/\" class=\"more-link\">Pokra\u010dov\u00e1n\u00ed textu <span class=\"screen-reader-text\">PhDr. Vladim\u00edr Pil\u00e1t, CSc.\ufeff<\/span> <span class=\"meta-nav\">&rarr;<\/span><\/a><\/p>\n","protected":false},"author":1,"featured_media":0,"parent":8,"menu_order":3,"comment_status":"closed","ping_status":"closed","template":"","meta":{"footnotes":""},"_links":{"self":[{"href":"https:\/\/www.marginalization.usd.cas.cz\/en\/wp-json\/wp\/v2\/pages\/60"}],"collection":[{"href":"https:\/\/www.marginalization.usd.cas.cz\/en\/wp-json\/wp\/v2\/pages"}],"about":[{"href":"https:\/\/www.marginalization.usd.cas.cz\/en\/wp-json\/wp\/v2\/types\/page"}],"author":[{"embeddable":true,"href":"https:\/\/www.marginalization.usd.cas.cz\/en\/wp-json\/wp\/v2\/users\/1"}],"replies":[{"embeddable":true,"href":"https:\/\/www.marginalization.usd.cas.cz\/en\/wp-json\/wp\/v2\/comments?post=60"}],"version-history":[{"count":19,"href":"https:\/\/www.marginalization.usd.cas.cz\/en\/wp-json\/wp\/v2\/pages\/60\/revisions"}],"predecessor-version":[{"id":729,"href":"https:\/\/www.marginalization.usd.cas.cz\/en\/wp-json\/wp\/v2\/pages\/60\/revisions\/729"}],"up":[{"embeddable":true,"href":"https:\/\/www.marginalization.usd.cas.cz\/en\/wp-json\/wp\/v2\/pages\/8"}],"wp:attachment":[{"href":"https:\/\/www.marginalization.usd.cas.cz\/en\/wp-json\/wp\/v2\/media?parent=60"}],"curies":[{"name":"wp","href":"https:\/\/api.w.org\/{rel}","templated":true}]}}