{"id":58,"date":"2018-11-07T20:26:51","date_gmt":"2018-11-07T19:26:51","guid":{"rendered":"http:\/\/www.marginalization.usd.cas.cz\/en\/?page_id=58"},"modified":"2021-12-01T10:58:31","modified_gmt":"2021-12-01T09:58:31","slug":"jiri-neminar","status":"publish","type":"page","link":"https:\/\/www.marginalization.usd.cas.cz\/en\/tym\/jiri-neminar\/","title":{"rendered":"\ufeffPhDr. Ji\u0159\u00ed Nemin\u00e1\u0159"},"content":{"rendered":"\n<div class=\"wp-block-image\"><figure class=\"alignright is-resized\"><img loading=\"lazy\" decoding=\"async\" src=\"https:\/\/www.marginalization.usd.cas.cz\/en\/wp-content\/uploads\/2019\/04\/neminar-n.jpg\" alt=\"\" class=\"wp-image-714\" width=\"172\" height=\"237\"\/><\/figure><\/div>\n\n\n\n<p><strong><strong>Place of employment:<\/strong> <\/strong>Muzeum Hlu\u010d\u00ednska<\/p>\n\n\n\n<p><strong><strong>Address:<\/strong> <\/strong>Z\u00e1meck\u00e1 4, 748 01 Hlu\u010d\u00edn, Czech Republic<\/p>\n\n\n\n<p><strong>E-mail: <\/strong><a href=\"mailto: neminar@muzeum-hlucinska.cz\">neminar@muzeum-hlucinska.cz<\/a><\/p>\n\n\n\n<p>Ji\u0159\u00ed Nemin\u00e1\u0159 studied history at the Faculty of Arts of the Charles University in Prague and at the Freie Universit\u00e4t Berlin. He also attended a secondary school teaching program. He deals with the issue of the Czechoslovak resistance abroad during the Second World War and the history of the Hlu\u010d\u00edn region. In the long-term and systematically he deals with the issue of forced mobilization and service of the inhabitants of Hlu\u010d\u00edn Region and other Czechoslovaks in the German armed forces during the Second World War. To this topic he also devoted his qualification works (see bellow). Another professional interest he focuses on the teaching of history, didactics and the concepts of museums. Among others, he is a co-author of the publications <em>Who are the people in the Hlu\u010d\u00edn Region<\/em>, Hlu\u010d\u00edn 2016 (in Czech, with Ji\u0159\u00ed Jung) and <em>Hlu\u010d\u00edn in the Changes of Time<\/em>, Hlu\u010d\u00edn 2017 (in Czech, with Metod\u011bj Chr\u00e1steck\u00fd).<\/p>\n\n\n\n<div class=\"wp-block-image\"><figure class=\"alignright is-resized\"><a href=\"https:\/\/www.marginalization.usd.cas.cz\/en\/wp-content\/uploads\/2019\/03\/neminar.jpg\"><img loading=\"lazy\" decoding=\"async\" src=\"https:\/\/www.marginalization.usd.cas.cz\/en\/wp-content\/uploads\/2019\/03\/neminar.jpg\" alt=\"PhDr. Ji\u0159\u00ed Nemin\u00e1\u0159\" class=\"wp-image-489\" width=\"200\" height=\"330\"\/><\/a><\/figure><\/div>\n\n\n\n<p><strong><em><strong><em>Work and research experience<\/em><\/strong><\/em><\/strong><\/p>\n\n\n\n<ul><li>2007: co-operation on the TV document <em>Slou\u017eil jsem ve wehrmachtu<\/em> [<em>I served with Wehrmacht<\/em>]<\/li><li>2010\u2013 2014: filming witnesses for the Museum of the Hlu\u010d\u00edn Region<\/li><li>2013: co-author of the permanent exhibition of the Museum of the Hlu\u010d\u00edn Region<\/li><li>2015: participation at the <em>Jugendbegegnung des Deutschen Bundestages<\/em><\/li><li>2015\u2013 present: Museum of the Hlu\u010d\u00edn Region, museum pedagog<\/li><\/ul>\n\n\n\n<p><strong><em><strong><em>Previous outcomes related to the project<\/em><\/strong><\/em><\/strong><\/p>\n\n\n\n<ul><li>\u010ce\u0161i ve wehrmachtu? [Czechs in the Wehrmacht?] In: J. Karp\u00ed\u0161ek \u2013 Z. Sturz \u2013 M. Bl\u00e1hov\u00e1 (edd.): <em>\u010cesk\u00e9, slovensk\u00e9 a \u010deskoslovensk\u00e9 d\u011bjiny 20. stolet\u00ed XI. <\/em>[<em>Czech, Slovak and Czechoslovak History in the 20<sup>th<\/sup> Century<\/em>], Hradec Kr\u00e1lov\u00e9, Gaudeamus 2017, pp. 259\u2013270.<\/li><li>P\u0159ij\u00edm\u00e1n\u00ed do arm\u00e1dy jako proces p\u0159id\u011blov\u00e1n\u00ed identity? V\u00fdslechy a prov\u011b\u0159ov\u00e1n\u00ed n\u011bmeck\u00fdch zajatc\u016f \u010deskoslovensk\u00e9ho p\u016fvodu [Recruitment to the army as a process of assigning identity? Interrogation and vetting of German POWs of Czechoslovak origin]. In: <em>Historie \u2013 Ot\u00e1zky \u2013 Probl\u00e9my <\/em>[<em>History \u2013 Questions \u2013 Problems<\/em>], 2016, No. 1, pp. 102\u2013119.<\/li><li><em><em>P\u0159ij\u00edm\u00e1n\u00ed voj\u00e1k\u016f wehrmachtu do \u010deskoslovensk\u00e9 zahrani\u010dn\u00ed arm\u00e1dy na Z\u00e1pad\u011b b\u011bhem 2. sv\u011btov\u00e9 v\u00e1lky<\/em> [<em>Recruiting of German Soldiers for the Czechoslovak army-in-exile in the West during the Second World War<\/em>], MA thesis, Institute of Czech History, Faculty of Arts of the Charles University, Prague 2015.<\/em><\/li><li><em><em>Obyvatel\u00e9 Hlu\u010d\u00ednska v \u010deskoslovensk\u00e9 zahrani\u010dn\u00ed arm\u00e1d\u011b na Z\u00e1pad\u011b <\/em>[<em>Inhabitants of the Hlu\u010d\u00edn Region within the Czechoslovak military units in the West<\/em>], BA thesis, Institute of Czech History, Faculty of Arts of the Charles University, Prague 2012.<\/em><\/li><li>D\u011bjin\u00e1m navzdory. Strastipln\u00e1 cesta Alfreda Pch\u00e1lka ke kn\u011b\u017estv\u00ed [<em>In spite of history: Alfred Pchalek<\/em>\u2019<em>s tortuous journey to priesthood<\/em>]. In: <em>Hlu\u010d\u00ednsko<\/em>, 2016, No. 1, pp. 16\u201321.<\/li><li>Pomn\u00edky padl\u00fdm I. sv\u011btov\u00e9 v\u00e1lky na Hlu\u010d\u00ednsku [<em>Monuments of WW I fallen soldiers in the Hlu\u010d\u00edn Region<\/em>]. In: <em>Hlu\u010d\u00ednsko<\/em>, 2014, No. 2, pp. 16\u201318.<\/li><\/ul>\n","protected":false},"excerpt":{"rendered":"<p>Place of employment: Muzeum Hlu\u010d\u00ednska Address: Z\u00e1meck\u00e1 4, 748 01 Hlu\u010d\u00edn, Czech Republic E-mail: neminar@muzeum-hlucinska.cz Ji\u0159\u00ed Nemin\u00e1\u0159 studied history at the Faculty of Arts of the Charles University in Prague and at the Freie Universit\u00e4t Berlin. He also attended a secondary school teaching program. He deals with the issue of the Czechoslovak resistance abroad during &hellip; <a href=\"https:\/\/www.marginalization.usd.cas.cz\/en\/tym\/jiri-neminar\/\" class=\"more-link\">Pokra\u010dov\u00e1n\u00ed textu <span class=\"screen-reader-text\">\ufeffPhDr. Ji\u0159\u00ed Nemin\u00e1\u0159<\/span> <span class=\"meta-nav\">&rarr;<\/span><\/a><\/p>\n","protected":false},"author":1,"featured_media":0,"parent":8,"menu_order":2,"comment_status":"closed","ping_status":"closed","template":"","meta":{"footnotes":""},"_links":{"self":[{"href":"https:\/\/www.marginalization.usd.cas.cz\/en\/wp-json\/wp\/v2\/pages\/58"}],"collection":[{"href":"https:\/\/www.marginalization.usd.cas.cz\/en\/wp-json\/wp\/v2\/pages"}],"about":[{"href":"https:\/\/www.marginalization.usd.cas.cz\/en\/wp-json\/wp\/v2\/types\/page"}],"author":[{"embeddable":true,"href":"https:\/\/www.marginalization.usd.cas.cz\/en\/wp-json\/wp\/v2\/users\/1"}],"replies":[{"embeddable":true,"href":"https:\/\/www.marginalization.usd.cas.cz\/en\/wp-json\/wp\/v2\/comments?post=58"}],"version-history":[{"count":18,"href":"https:\/\/www.marginalization.usd.cas.cz\/en\/wp-json\/wp\/v2\/pages\/58\/revisions"}],"predecessor-version":[{"id":727,"href":"https:\/\/www.marginalization.usd.cas.cz\/en\/wp-json\/wp\/v2\/pages\/58\/revisions\/727"}],"up":[{"embeddable":true,"href":"https:\/\/www.marginalization.usd.cas.cz\/en\/wp-json\/wp\/v2\/pages\/8"}],"wp:attachment":[{"href":"https:\/\/www.marginalization.usd.cas.cz\/en\/wp-json\/wp\/v2\/media?parent=58"}],"curies":[{"name":"wp","href":"https:\/\/api.w.org\/{rel}","templated":true}]}}