{"id":54,"date":"2018-11-07T20:19:20","date_gmt":"2018-11-07T19:19:20","guid":{"rendered":"http:\/\/www.marginalization.usd.cas.cz\/en\/?page_id=54"},"modified":"2021-12-01T10:49:18","modified_gmt":"2021-12-01T09:49:18","slug":"milan-sovilj","status":"publish","type":"page","link":"https:\/\/www.marginalization.usd.cas.cz\/en\/tym\/milan-sovilj\/","title":{"rendered":"\ufeffMgr. Milan Sovilj, Ph.D."},"content":{"rendered":"\n<div class=\"wp-block-image\"><figure class=\"alignright is-resized\"><img loading=\"lazy\" decoding=\"async\" src=\"https:\/\/www.marginalization.usd.cas.cz\/en\/wp-content\/uploads\/2019\/03\/sovilj-B.jpg\" alt=\"\" class=\"wp-image-683\" width=\"151\" height=\"235\" srcset=\"https:\/\/www.marginalization.usd.cas.cz\/en\/wp-content\/uploads\/2019\/03\/sovilj-B.jpg 224w, https:\/\/www.marginalization.usd.cas.cz\/en\/wp-content\/uploads\/2019\/03\/sovilj-B-192x300.jpg 192w\" sizes=\"(max-width: 151px) 100vw, 151px\" \/><\/figure><\/div>\n\n\n\n<p><strong><strong>Place of employment:<\/strong> <\/strong>Institute of Contemporary History of the Czech Academy of Sciences<\/p>\n\n\n\n<p><strong><strong>Address:<\/strong> <\/strong>Vla\u0161sk\u00e1 9, 118 40 Prague 1, Czech Republic<\/p>\n\n\n\n<p><strong>E-mail: <\/strong><a href=\"http:\/\/mailto sovilj@usd.cas.cz\">sovilj@usd.cas.cz<\/a><\/p>\n\n\n\n<p>Milan Sovilj graduated from the Philosophical Faculty in Belgrade. He obtained the Ph.D. degree in 2015 from Charles University in Prague, Faculty of Arts. Since 2009 he has been professionally active in the Czech Republic. His main research focus is connected with Czechoslovak-Yugoslav relations immediately before World War II, during the war and after 1945. More generally, he is interested in the history of Yugoslavia, too. He has published two monographs: <em>In the Search for Unreachable: Yugoslav-Czechoslovak Cultural Relations 1945\u20131949<\/em>. Belgrade 2012 [in Serbian], and his dissertation thesis: <em>Czechoslovak-Yugoslav Relations in 1939\u20131941: Since the Dissolution of Czechoslovakia until the Occupation of the Kingdom of Yugoslavia.<\/em> Prague 2016 [in Czech].<\/p>\n\n\n\n<div class=\"wp-block-image\"><figure class=\"alignright is-resized\"><a href=\"https:\/\/www.marginalization.usd.cas.cz\/en\/wp-content\/uploads\/2019\/03\/sovilj.jpg\"><img loading=\"lazy\" decoding=\"async\" src=\"https:\/\/www.marginalization.usd.cas.cz\/en\/wp-content\/uploads\/2019\/03\/sovilj.jpg\" alt=\"\ufeffMgr. Milan Sovilj, Ph.D.\" class=\"wp-image-500\" width=\"221\" height=\"290\" srcset=\"https:\/\/www.marginalization.usd.cas.cz\/en\/wp-content\/uploads\/2019\/03\/sovilj.jpg 608w, https:\/\/www.marginalization.usd.cas.cz\/en\/wp-content\/uploads\/2019\/03\/sovilj-228x300.jpg 228w\" sizes=\"(max-width: 221px) 100vw, 221px\" \/><\/a><\/figure><\/div>\n\n\n\n<p><strong><em>Odborn\u00e9 curriculum<\/em><\/strong><\/p>\n\n\n\n<ul><li>2007\u2013 2010: Institute for Recent History of Serbia in Belgrade, scholar, researcher<\/li><li>2015\u2013 present: : Institute of Contemporary History of the Czech Academy of Sciences, Ph.D. researcher, postdoctoral research fellow<\/li><li>2016\u2013 dosud: Institute of History of the Philosophical Faculty of the University of Hradec Kr\u00e1lov\u00e9, scientific researcher, assistant professor<\/li><li>2017\u2013 2020: Institute of World History of the Faculty of Arts at Charles University in Prague, researcher (standard project of the Czech Science Foundation) and scientific researcher (project KREAS)<\/li><\/ul>\n\n\n\n<p><strong><em><strong><em>Previous outcomes related to the project<\/em><\/strong>ektu<\/em><\/strong><\/p>\n\n\n\n<ul><li>Dv\u011b t\u00e9m\u011b\u0159 zapomenut\u00e9 osobnosti zpravodajsk\u00e9 a odbojov\u00e9 \u010dinnosti v\u010deskoslovensko-jugosl\u00e1vsk\u00fdch kontaktech za druh\u00e9 sv\u011btov\u00e9 v\u00e1lky: Franti\u0161ek Hieke a Aleksandar Gjuri\u0107 [Two Nearly Forgotten Figures in Intelligence and Resistance Activities in Czechoslovak-Yugoslav Relations during World War II: Franti\u0161ek Hieke and Aleksandar Gjuri\u0107]. In: V\u00e1clav \u0160t\u011bp\u00e1nek \u2013 Ji\u0159\u00ed Mit\u00e1\u010dek (edd.): <em>Studia Balkanica Bohemo-Slovaca VII.<\/em> Brno 2017, pp. 455\u2013471 [in Czech].<\/li><\/ul>\n","protected":false},"excerpt":{"rendered":"<p>Place of employment: Institute of Contemporary History of the Czech Academy of Sciences Address: Vla\u0161sk\u00e1 9, 118 40 Prague 1, Czech Republic E-mail: sovilj@usd.cas.cz Milan Sovilj graduated from the Philosophical Faculty in Belgrade. He obtained the Ph.D. degree in 2015 from Charles University in Prague, Faculty of Arts. Since 2009 he has been professionally active &hellip; <a href=\"https:\/\/www.marginalization.usd.cas.cz\/en\/tym\/milan-sovilj\/\" class=\"more-link\">Pokra\u010dov\u00e1n\u00ed textu <span class=\"screen-reader-text\">\ufeffMgr. Milan Sovilj, Ph.D.<\/span> <span class=\"meta-nav\">&rarr;<\/span><\/a><\/p>\n","protected":false},"author":1,"featured_media":0,"parent":8,"menu_order":1,"comment_status":"closed","ping_status":"closed","template":"","meta":{"footnotes":""},"_links":{"self":[{"href":"https:\/\/www.marginalization.usd.cas.cz\/en\/wp-json\/wp\/v2\/pages\/54"}],"collection":[{"href":"https:\/\/www.marginalization.usd.cas.cz\/en\/wp-json\/wp\/v2\/pages"}],"about":[{"href":"https:\/\/www.marginalization.usd.cas.cz\/en\/wp-json\/wp\/v2\/types\/page"}],"author":[{"embeddable":true,"href":"https:\/\/www.marginalization.usd.cas.cz\/en\/wp-json\/wp\/v2\/users\/1"}],"replies":[{"embeddable":true,"href":"https:\/\/www.marginalization.usd.cas.cz\/en\/wp-json\/wp\/v2\/comments?post=54"}],"version-history":[{"count":23,"href":"https:\/\/www.marginalization.usd.cas.cz\/en\/wp-json\/wp\/v2\/pages\/54\/revisions"}],"predecessor-version":[{"id":726,"href":"https:\/\/www.marginalization.usd.cas.cz\/en\/wp-json\/wp\/v2\/pages\/54\/revisions\/726"}],"up":[{"embeddable":true,"href":"https:\/\/www.marginalization.usd.cas.cz\/en\/wp-json\/wp\/v2\/pages\/8"}],"wp:attachment":[{"href":"https:\/\/www.marginalization.usd.cas.cz\/en\/wp-json\/wp\/v2\/media?parent=54"}],"curies":[{"name":"wp","href":"https:\/\/api.w.org\/{rel}","templated":true}]}}