{"id":48,"date":"2018-11-07T20:13:18","date_gmt":"2018-11-07T19:13:18","guid":{"rendered":"http:\/\/www.marginalization.usd.cas.cz\/en\/?page_id=48"},"modified":"2021-12-01T10:35:24","modified_gmt":"2021-12-01T09:35:24","slug":"zdenko-marsalek","status":"publish","type":"page","link":"https:\/\/www.marginalization.usd.cas.cz\/en\/tym\/zdenko-marsalek\/","title":{"rendered":"\ufeffMgr. et Mgr. Zdenko Mar\u0161\u00e1lek, Ph.D."},"content":{"rendered":"\n<div class=\"wp-block-image\"><figure class=\"alignright is-resized\"><img loading=\"lazy\" decoding=\"async\" src=\"https:\/\/www.marginalization.usd.cas.cz\/en\/wp-content\/uploads\/2018\/11\/zm400.jpg\" alt=\"\" class=\"wp-image-49\" width=\"203\" height=\"200\"\/><\/figure><\/div>\n\n\n\n<p><strong><strong>Place of employment:<\/strong> : <\/strong>Institute of Contemporary History of the Czech Academy of Sciences<\/p>\n\n\n\n<p><strong><strong>Address<\/strong> : <\/strong>Vla\u0161sk\u00e1 9, 118 00 Prague 1, Czech Republic<\/p>\n\n\n\n<p><strong>E-mail: <\/strong><a href=\"mailto: plys.zmar@seznam.cz\">plys.zmar@seznam.cz<\/a><\/p>\n\n\n\n<p>Zdenko Mar\u0161\u00e1lek graduated from the Faculty of Education of the Charles University in Prague in 1989 and worked briefly as a teacher thereafter. In 2001, he finished his MA in history at the Faculty of Arts of the Charles University in Prague. In 2014, he defended his dissertation thesis there (<em>\u201cCzech\u201d, or \u201cCzechoslovak\u201d Army? The ethnic and nationality composition of the Czechoslovak military units-in-exile in 1939\u20131945<\/em>), published thereafter in 2017. He is a military historian. Besides a number of topics related to the military history of Central Europe in the Second World War and in the interwar period, he has long been dealing with the issue of nationality and personnel composition of Czechoslovak units-in-exile 1939\u20131945. He initiated the creation of a relevant electronic database. Inter alia, he is an author of <em>Dunkerque 1944\u20131945. Loses of the Czechoslovak Independent Armoured Brigade Group during its operational deployment in France<\/em>, Prague 2011 (in Czech, with Petr Hofman), and an editor of <em>Members of the International Brigades, Czechoslovakia and the Spanish Civil War: The unknown chapters from the history of Czechoslovak participation in the civil war in Spain 1936\u20131939<\/em>, Prague 2017 (in Czech, with Emil Vor\u00e1\u010dek).<\/p>\n\n\n\n<div class=\"wp-block-image\"><figure class=\"alignright is-resized\"><a href=\"https:\/\/www.marginalization.usd.cas.cz\/en\/wp-content\/uploads\/2019\/03\/zm.jpg\"><img loading=\"lazy\" decoding=\"async\" src=\"https:\/\/www.marginalization.usd.cas.cz\/en\/wp-content\/uploads\/2019\/03\/zm.jpg\" alt=\"\ufeffMgr. et Mgr. Zdenko Mar\u0161\u00e1lek, Ph.D.\" class=\"wp-image-482\" width=\"228\" height=\"77\"\/><\/a><\/figure><\/div>\n\n\n\n<p><strong><em><strong><em>Work and research experience<\/em><\/strong><\/em><\/strong><\/p>\n\n\n\n<ul><li>2000\u2013 2003: Historical Institute of the Army of the Czech Republic, research assistan<\/li><li>2004 \u2013 present:Military Historical Archives in Prague, research fellow<\/li><li>2006 \u2013 2007: Masaryk Institute and the Archives of the Czech Academy of Sciences, research assistant<\/li><li>2006 \u2013 present: Institute of Contemporary History of the Czech Academy of Sciences, senior researcher<\/li><\/ul>\n\n\n\n<p><strong><em><strong><em>Previous outcomes related to the project<\/em><\/strong><\/em><\/strong><\/p>\n\n\n\n<ul><li><em><em>Database of the soldiers of the Czechoslovak army-in-exile during the Second World War<\/em>. Military Historical Archives in Prague 2005\u20132013 (with V. Pil\u00e1t, M. Bro\u017e, P. Hofman and others).<\/em><\/li><li>\u010ceskoslovensk\u00e1 zahrani\u010dn\u00ed arm\u00e1da 1939\u20131945 a marginalizace v procesu utv\u00e1\u0159en\u00ed kolektivn\u00ed pam\u011bti [Czechoslovak army-in-exile 1939\u20131945 and a marginalization during the process of creating of collective memory]. In: B. Soukupov\u00e1 \u2013 H. Noskov\u00e1 \u2013 P. Bedna\u0159\u00edk (edd.): <em>Pam\u011b\u0165 \u2013 n\u00e1rod \u2013 men\u0161iny \u2013 marginalizace \u2013 identity I <\/em>[<em>Memory \u2013 Nation \u2013 Minorities \u2013 Marginalization \u2013 Identities I<\/em>]<em>.<\/em> Prague, Charles University, Faculty of Humanities 2013, pp. 41\u201348 [in Czech].<\/li><li>Marginalization as a means of the artificial shaping of collective memory: Case study of \u201cinconvenient\u201d groups of soldiers of the Czechoslovak units-in-exile. In: P. Bedna\u0159\u00edk \u2013 H. Noskov\u00e1 \u2013 B. Soukupov\u00e1 (edd.): <em>Pam\u011b\u0165 \u2013 n\u00e1rod \u2013 men\u0161iny \u2013 marginalizace \u2013 identity II \/ Memory \u2013 Nation \u2013 Minorities \u2013 Marginalization \u2013 Identities II \/\u041f\u0430\u043c\u044f\u0442\u044c \u2013 \u043d\u0430\u0446\u0438\u044f \u2013 \u043c\u0435\u043d\u044c\u0448\u0438\u043d\u0441\u0442\u0432\u0430 \u2013 \u043c\u0430\u0440\u0433\u0438\u043d\u0430\u043b\u0438\u0437\u0430\u0446\u0438\u044f \u2013 \u0438\u0434\u0435\u043d\u0442\u0438\u0447\u043d\u043e\u0441\u0442\u0438 II<\/em>. Prague, Charles University, Faculty of Humanities 2015, pp. 111\u2013118 [in English].<\/li><li>Rod\u00e1ci z okresu Slan\u00fd v zahrani\u010dn\u00edm vojensk\u00e9m odboji a ot\u00e1zka zkoum\u00e1n\u00ed regionality p\u016fvodu p\u0159\u00edslu\u0161n\u00edk\u016f zahrani\u010dn\u00edch vojensk\u00fdch jednotek [Natives from the Slan\u00fd District and a research question of regionality of origin of the members of Czechoslovak military units-in-exile during the Second World War]. In: P. Barton\u00ed\u010dek \u2013 J. \u010ce\u010drdle \u2013 B. Hrab\u00e1nkov\u00e1 (edd.): <em>Slan\u00fd a Sl\u00e1nsko v letech 1939\u20131945 <\/em>[<em>The town and District of Slan\u00fdin the years 1939\u20131945<\/em>]. Historical conference proceeding. Slan\u00fd, Regional museum in Slan\u00fd 2011, pp. 66\u201376 [in Czech].<\/li><li>\u201cOn the right side again\u201d: Wehrmacht POWs in exile military units of the occupied countries \u2013 the case of Czechoslovakia and Poland. The paper on the international conference <em>Mobilisation into the Wehrmacht in the occupied lands of the Third Reich<\/em>. Museum of Contemporary History in Ljubljana, October 17\u201320, 2012 [in English].<\/li><li>corresponding chapters of: <em>\u201e\u010cesk\u00e1\u201c, nebo \u201e\u010deskoslovensk\u00e1\u201c arm\u00e1da? N\u00e1rodnostn\u00ed slo\u017een\u00ed \u010deskoslovensk\u00fdch vojensk\u00fdch jednotek v\u00a0zahrani\u010d\u00ed v\u00a0letech 1939\u20131945 <\/em>[<em>\u201cCzech\u201d, or \u201cCzechoslovak\u201d Army? The ethnic and nationality composition of the Czechoslovak military units-in-exile in 1939\u20131945<\/em>]. Prague, Academia 2017 [in Czech].<\/li><li>corresponding chapters of: <em>Dunkerque 1944\u20131945. Ztr\u00e1ty \u010cs. samostatn\u00e9 obrn\u011bn\u00e9 brig\u00e1dy b\u011bhem opera\u010dn\u00edho nasazen\u00ed ve Francii <\/em>[<em>Dunkerque 1944\u20131945. Loses of the Czechoslovak Independent Armoured Brigade Group during its operational deployment in France<\/em>]. Prague, Nakladatelstv\u00ed Lidov\u00e9 noviny 2011[with Petr Hofman, in Czech].<\/li><\/ul>\n\n\n\n<p><\/p>\n","protected":false},"excerpt":{"rendered":"<p>Place of employment: : Institute of Contemporary History of the Czech Academy of Sciences Address : Vla\u0161sk\u00e1 9, 118 00 Prague 1, Czech Republic E-mail: plys.zmar@seznam.cz Zdenko Mar\u0161\u00e1lek graduated from the Faculty of Education of the Charles University in Prague in 1989 and worked briefly as a teacher thereafter. In 2001, he finished his MA &hellip; <a href=\"https:\/\/www.marginalization.usd.cas.cz\/en\/tym\/zdenko-marsalek\/\" class=\"more-link\">Pokra\u010dov\u00e1n\u00ed textu <span class=\"screen-reader-text\">\ufeffMgr. et Mgr. Zdenko Mar\u0161\u00e1lek, Ph.D.<\/span> <span class=\"meta-nav\">&rarr;<\/span><\/a><\/p>\n","protected":false},"author":1,"featured_media":0,"parent":8,"menu_order":0,"comment_status":"closed","ping_status":"closed","template":"","meta":{"footnotes":""},"_links":{"self":[{"href":"https:\/\/www.marginalization.usd.cas.cz\/en\/wp-json\/wp\/v2\/pages\/48"}],"collection":[{"href":"https:\/\/www.marginalization.usd.cas.cz\/en\/wp-json\/wp\/v2\/pages"}],"about":[{"href":"https:\/\/www.marginalization.usd.cas.cz\/en\/wp-json\/wp\/v2\/types\/page"}],"author":[{"embeddable":true,"href":"https:\/\/www.marginalization.usd.cas.cz\/en\/wp-json\/wp\/v2\/users\/1"}],"replies":[{"embeddable":true,"href":"https:\/\/www.marginalization.usd.cas.cz\/en\/wp-json\/wp\/v2\/comments?post=48"}],"version-history":[{"count":14,"href":"https:\/\/www.marginalization.usd.cas.cz\/en\/wp-json\/wp\/v2\/pages\/48\/revisions"}],"predecessor-version":[{"id":724,"href":"https:\/\/www.marginalization.usd.cas.cz\/en\/wp-json\/wp\/v2\/pages\/48\/revisions\/724"}],"up":[{"embeddable":true,"href":"https:\/\/www.marginalization.usd.cas.cz\/en\/wp-json\/wp\/v2\/pages\/8"}],"wp:attachment":[{"href":"https:\/\/www.marginalization.usd.cas.cz\/en\/wp-json\/wp\/v2\/media?parent=48"}],"curies":[{"name":"wp","href":"https:\/\/api.w.org\/{rel}","templated":true}]}}