{"id":378,"date":"2019-03-07T14:52:41","date_gmt":"2019-03-07T13:52:41","guid":{"rendered":"http:\/\/www.marginalization.usd.cas.cz\/en\/?page_id=378"},"modified":"2019-03-13T15:30:11","modified_gmt":"2019-03-13T14:30:11","slug":"muzeum-hlucinska","status":"publish","type":"page","link":"https:\/\/www.marginalization.usd.cas.cz\/en\/muzeum-hlucinska\/","title":{"rendered":"Muzeum Hlu\u010d\u00ednska"},"content":{"rendered":"\n<p><strong>Adresa:<\/strong> Z\u00e1meck\u00e1 286\/4, 748 01 Hlu\u010d\u00edn<\/p>\n\n\n\n<ul class=\"wp-block-gallery columns-3 is-cropped wp-block-gallery-1 is-layout-flex wp-block-gallery-is-layout-flex\"><li class=\"blocks-gallery-item\"><figure><a href=\"https:\/\/www.marginalization.usd.cas.cz\/en\/wp-content\/uploads\/2019\/03\/ihm.jpg\"><img loading=\"lazy\" decoding=\"async\" width=\"600\" height=\"450\" src=\"https:\/\/www.marginalization.usd.cas.cz\/en\/wp-content\/uploads\/2019\/03\/ihm.jpg\" alt=\"Muzeum Hlu\u010d\u00ednska\" data-id=\"367\" data-link=\"https:\/\/www.marginalization.usd.cas.cz\/en\/pracoviste\/ihm\/\" class=\"wp-image-367\" srcset=\"https:\/\/www.marginalization.usd.cas.cz\/en\/wp-content\/uploads\/2019\/03\/ihm.jpg 600w, https:\/\/www.marginalization.usd.cas.cz\/en\/wp-content\/uploads\/2019\/03\/ihm-300x225.jpg 300w\" sizes=\"(max-width: 600px) 100vw, 600px\" \/><\/a><figcaption>Muzeum Hlu\u010d\u00ednska<\/figcaption><\/figure><\/li><li class=\"blocks-gallery-item\"><figure><a href=\"https:\/\/www.marginalization.usd.cas.cz\/en\/wp-content\/uploads\/2019\/03\/Hlu\u010d\u00edn-expozice-vstup-1024x684.jpg\"><img loading=\"lazy\" decoding=\"async\" width=\"1024\" height=\"684\" src=\"https:\/\/www.marginalization.usd.cas.cz\/en\/wp-content\/uploads\/2019\/03\/Hlu\u010d\u00edn-expozice-vstup-1024x684.jpg\" alt=\"Vstup do expozice Muzea Hlu\u010d\u00ednska\" data-id=\"403\" data-link=\"https:\/\/www.marginalization.usd.cas.cz\/en\/muzeum-hlucinska\/hlucin-expozice-vstup\/\" class=\"wp-image-403\" srcset=\"https:\/\/www.marginalization.usd.cas.cz\/en\/wp-content\/uploads\/2019\/03\/Hlu\u010d\u00edn-expozice-vstup-1024x684.jpg 1024w, https:\/\/www.marginalization.usd.cas.cz\/en\/wp-content\/uploads\/2019\/03\/Hlu\u010d\u00edn-expozice-vstup-300x200.jpg 300w, https:\/\/www.marginalization.usd.cas.cz\/en\/wp-content\/uploads\/2019\/03\/Hlu\u010d\u00edn-expozice-vstup-768x513.jpg 768w, https:\/\/www.marginalization.usd.cas.cz\/en\/wp-content\/uploads\/2019\/03\/Hlu\u010d\u00edn-expozice-vstup.jpg 1224w\" sizes=\"(max-width: 1024px) 100vw, 1024px\" \/><\/a><figcaption>Vstup do expozice Muzea Hlu\u010d\u00ednska<\/figcaption><\/figure><\/li><li class=\"blocks-gallery-item\"><figure><a href=\"https:\/\/www.marginalization.usd.cas.cz\/en\/wp-content\/uploads\/2019\/03\/1-St\u00e1l\u00e1-expozice-Muzea-Hlu\u010d\u00ednska-je-p\u0159edev\u0161\u00edm-zam\u011b\u0159ena-na-osudy-m\u00edstn\u00edch-obyvatel.jpg\"><img loading=\"lazy\" decoding=\"async\" width=\"1000\" height=\"665\" src=\"https:\/\/www.marginalization.usd.cas.cz\/en\/wp-content\/uploads\/2019\/03\/1-St\u00e1l\u00e1-expozice-Muzea-Hlu\u010d\u00ednska-je-p\u0159edev\u0161\u00edm-zam\u011b\u0159ena-na-osudy-m\u00edstn\u00edch-obyvatel.jpg\" alt=\"St\u00e1l\u00e1 expozice Muzea Hlu\u010d\u00ednska je p\u0159edev\u0161\u00edm zam\u011b\u0159ena na osudy m\u00edstn\u00edch obyvatel\" data-id=\"379\" data-link=\"https:\/\/www.marginalization.usd.cas.cz\/en\/muzeum-hlucinska\/1-stala-expozice-muzea-hlucinska-je-predevsim-zamerena-na-osudy-mistnich-obyvatel\/\" class=\"wp-image-379\" srcset=\"https:\/\/www.marginalization.usd.cas.cz\/en\/wp-content\/uploads\/2019\/03\/1-St\u00e1l\u00e1-expozice-Muzea-Hlu\u010d\u00ednska-je-p\u0159edev\u0161\u00edm-zam\u011b\u0159ena-na-osudy-m\u00edstn\u00edch-obyvatel.jpg 1000w, https:\/\/www.marginalization.usd.cas.cz\/en\/wp-content\/uploads\/2019\/03\/1-St\u00e1l\u00e1-expozice-Muzea-Hlu\u010d\u00ednska-je-p\u0159edev\u0161\u00edm-zam\u011b\u0159ena-na-osudy-m\u00edstn\u00edch-obyvatel-300x200.jpg 300w, https:\/\/www.marginalization.usd.cas.cz\/en\/wp-content\/uploads\/2019\/03\/1-St\u00e1l\u00e1-expozice-Muzea-Hlu\u010d\u00ednska-je-p\u0159edev\u0161\u00edm-zam\u011b\u0159ena-na-osudy-m\u00edstn\u00edch-obyvatel-768x511.jpg 768w\" sizes=\"(max-width: 1000px) 100vw, 1000px\" \/><\/a><figcaption>St\u00e1l\u00e1 expozice Muzea Hlu\u010d\u00ednska je p\u0159edev\u0161\u00edm zam\u011b\u0159ena na osudy m\u00edstn\u00edch obyvatel<\/figcaption><\/figure><\/li><li class=\"blocks-gallery-item\"><figure><a href=\"https:\/\/www.marginalization.usd.cas.cz\/en\/wp-content\/uploads\/2019\/03\/2-Modern\u00ed-expozice-muzea-po\u010d\u00edt\u00e1-s-p\u0159\u00edmou-interakc\u00ed-n\u00e1v\u0161t\u011bvn\u00edka-1024x682.jpg\"><img loading=\"lazy\" decoding=\"async\" width=\"1024\" height=\"682\" src=\"https:\/\/www.marginalization.usd.cas.cz\/en\/wp-content\/uploads\/2019\/03\/2-Modern\u00ed-expozice-muzea-po\u010d\u00edt\u00e1-s-p\u0159\u00edmou-interakc\u00ed-n\u00e1v\u0161t\u011bvn\u00edka-1024x682.jpg\" alt=\"Modern\u00ed expozice muzea po\u010d\u00edt\u00e1 s p\u0159\u00edmou interakc\u00ed n\u00e1v\u0161t\u011bvn\u00edka\" data-id=\"380\" data-link=\"https:\/\/www.marginalization.usd.cas.cz\/en\/muzeum-hlucinska\/2-moderni-expozice-muzea-pocita-s-primou-interakci-navstevnika\/\" class=\"wp-image-380\" srcset=\"https:\/\/www.marginalization.usd.cas.cz\/en\/wp-content\/uploads\/2019\/03\/2-Modern\u00ed-expozice-muzea-po\u010d\u00edt\u00e1-s-p\u0159\u00edmou-interakc\u00ed-n\u00e1v\u0161t\u011bvn\u00edka-1024x682.jpg 1024w, https:\/\/www.marginalization.usd.cas.cz\/en\/wp-content\/uploads\/2019\/03\/2-Modern\u00ed-expozice-muzea-po\u010d\u00edt\u00e1-s-p\u0159\u00edmou-interakc\u00ed-n\u00e1v\u0161t\u011bvn\u00edka-300x200.jpg 300w, https:\/\/www.marginalization.usd.cas.cz\/en\/wp-content\/uploads\/2019\/03\/2-Modern\u00ed-expozice-muzea-po\u010d\u00edt\u00e1-s-p\u0159\u00edmou-interakc\u00ed-n\u00e1v\u0161t\u011bvn\u00edka-768x511.jpg 768w, https:\/\/www.marginalization.usd.cas.cz\/en\/wp-content\/uploads\/2019\/03\/2-Modern\u00ed-expozice-muzea-po\u010d\u00edt\u00e1-s-p\u0159\u00edmou-interakc\u00ed-n\u00e1v\u0161t\u011bvn\u00edka.jpg 1226w\" sizes=\"(max-width: 1024px) 100vw, 1024px\" \/><\/a><figcaption>Modern\u00ed expozice muzea po\u010d\u00edt\u00e1 s p\u0159\u00edmou interakc\u00ed n\u00e1v\u0161t\u011bvn\u00edka<\/figcaption><\/figure><\/li><li class=\"blocks-gallery-item\"><figure><a href=\"https:\/\/www.marginalization.usd.cas.cz\/en\/wp-content\/uploads\/2019\/03\/Hlu\u010d\u00edn-expozice-3.jpg\"><img loading=\"lazy\" decoding=\"async\" width=\"1000\" height=\"665\" src=\"https:\/\/www.marginalization.usd.cas.cz\/en\/wp-content\/uploads\/2019\/03\/Hlu\u010d\u00edn-expozice-3.jpg\" alt=\"Modern\u00ed expozice muzea po\u010d\u00edt\u00e1 s p\u0159\u00edmou interakc\u00ed n\u00e1v\u0161t\u011bvn\u00edka\" data-id=\"401\" data-link=\"https:\/\/www.marginalization.usd.cas.cz\/en\/muzeum-hlucinska\/hlucin-expozice-3\/\" class=\"wp-image-401\" srcset=\"https:\/\/www.marginalization.usd.cas.cz\/en\/wp-content\/uploads\/2019\/03\/Hlu\u010d\u00edn-expozice-3.jpg 1000w, https:\/\/www.marginalization.usd.cas.cz\/en\/wp-content\/uploads\/2019\/03\/Hlu\u010d\u00edn-expozice-3-300x200.jpg 300w, https:\/\/www.marginalization.usd.cas.cz\/en\/wp-content\/uploads\/2019\/03\/Hlu\u010d\u00edn-expozice-3-768x511.jpg 768w\" sizes=\"(max-width: 1000px) 100vw, 1000px\" \/><\/a><figcaption>Modern\u00ed expozice muzea po\u010d\u00edt\u00e1 s p\u0159\u00edmou interakc\u00ed n\u00e1v\u0161t\u011bvn\u00edka<\/figcaption><\/figure><\/li><li class=\"blocks-gallery-item\"><figure><a href=\"https:\/\/www.marginalization.usd.cas.cz\/en\/wp-content\/uploads\/2019\/03\/Hlu\u010d\u00edn-expozice-4.jpg\"><img loading=\"lazy\" decoding=\"async\" width=\"1000\" height=\"666\" src=\"https:\/\/www.marginalization.usd.cas.cz\/en\/wp-content\/uploads\/2019\/03\/Hlu\u010d\u00edn-expozice-4.jpg\" alt=\"Modern\u00ed expozice muzea po\u010d\u00edt\u00e1 s p\u0159\u00edmou interakc\u00ed n\u00e1v\u0161t\u011bvn\u00edka\" data-id=\"402\" data-link=\"https:\/\/www.marginalization.usd.cas.cz\/en\/muzeum-hlucinska\/hlucin-expozice-4\/\" class=\"wp-image-402\" srcset=\"https:\/\/www.marginalization.usd.cas.cz\/en\/wp-content\/uploads\/2019\/03\/Hlu\u010d\u00edn-expozice-4.jpg 1000w, https:\/\/www.marginalization.usd.cas.cz\/en\/wp-content\/uploads\/2019\/03\/Hlu\u010d\u00edn-expozice-4-300x200.jpg 300w, https:\/\/www.marginalization.usd.cas.cz\/en\/wp-content\/uploads\/2019\/03\/Hlu\u010d\u00edn-expozice-4-768x511.jpg 768w\" sizes=\"(max-width: 1000px) 100vw, 1000px\" \/><\/a><figcaption>Modern\u00ed expozice muzea po\u010d\u00edt\u00e1 s p\u0159\u00edmou interakc\u00ed n\u00e1v\u0161t\u011bvn\u00edka<\/figcaption><\/figure><\/li><\/ul>\n\n\n\n<p><strong>Muzeum Hlu\u010d\u00ednska v r\u00e1mci mo\u017enost\u00ed podporuje i dokument\u00e1rn\u00ed a edi\u010dn\u00ed po\u010diny. Autory mnoh\u00fdch publikac\u00ed jsou odborn\u00ed pracovn\u00edci muzea.<\/strong><\/p>\n\n\n\n<ul class=\"wp-block-gallery columns-6 is-cropped wp-block-gallery-2 is-layout-flex wp-block-gallery-is-layout-flex\"><li class=\"blocks-gallery-item\"><figure><a href=\"https:\/\/www.marginalization.usd.cas.cz\/en\/wp-content\/uploads\/2019\/03\/01-1.jpg\"><img loading=\"lazy\" decoding=\"async\" width=\"872\" height=\"668\" src=\"https:\/\/www.marginalization.usd.cas.cz\/en\/wp-content\/uploads\/2019\/03\/01-1.jpg\" alt=\"Muzeum Hlu\u010d\u00ednska v r\u00e1mci mo\u017enost\u00ed podporuje i dokument\u00e1rn\u00ed a edi\u010dn\u00ed po\u010diny. Autory mnoh\u00fdch publikac\u00ed jsou odborn\u00ed pracovn\u00edci muzea\" data-id=\"385\" data-link=\"https:\/\/www.marginalization.usd.cas.cz\/en\/muzeum-hlucinska\/01-1\/\" class=\"wp-image-385\" srcset=\"https:\/\/www.marginalization.usd.cas.cz\/en\/wp-content\/uploads\/2019\/03\/01-1.jpg 872w, https:\/\/www.marginalization.usd.cas.cz\/en\/wp-content\/uploads\/2019\/03\/01-1-300x230.jpg 300w, https:\/\/www.marginalization.usd.cas.cz\/en\/wp-content\/uploads\/2019\/03\/01-1-768x588.jpg 768w\" sizes=\"(max-width: 872px) 100vw, 872px\" \/><\/a><\/figure><\/li><li class=\"blocks-gallery-item\"><figure><a href=\"https:\/\/www.marginalization.usd.cas.cz\/en\/wp-content\/uploads\/2019\/03\/02-1.jpg\"><img loading=\"lazy\" decoding=\"async\" width=\"640\" height=\"939\" src=\"https:\/\/www.marginalization.usd.cas.cz\/en\/wp-content\/uploads\/2019\/03\/02-1.jpg\" alt=\"Muzeum Hlu\u010d\u00ednska v r\u00e1mci mo\u017enost\u00ed podporuje i dokument\u00e1rn\u00ed a edi\u010dn\u00ed po\u010diny. Autory mnoh\u00fdch publikac\u00ed jsou odborn\u00ed pracovn\u00edci muzea\" data-id=\"386\" data-link=\"https:\/\/www.marginalization.usd.cas.cz\/en\/muzeum-hlucinska\/02-1\/\" class=\"wp-image-386\" srcset=\"https:\/\/www.marginalization.usd.cas.cz\/en\/wp-content\/uploads\/2019\/03\/02-1.jpg 640w, https:\/\/www.marginalization.usd.cas.cz\/en\/wp-content\/uploads\/2019\/03\/02-1-204x300.jpg 204w\" sizes=\"(max-width: 640px) 100vw, 640px\" \/><\/a><\/figure><\/li><li class=\"blocks-gallery-item\"><figure><a href=\"https:\/\/www.marginalization.usd.cas.cz\/en\/wp-content\/uploads\/2019\/03\/201706291407411-1.jpg\"><img loading=\"lazy\" decoding=\"async\" width=\"640\" height=\"990\" src=\"https:\/\/www.marginalization.usd.cas.cz\/en\/wp-content\/uploads\/2019\/03\/201706291407411-1.jpg\" alt=\"Muzeum Hlu\u010d\u00ednska v r\u00e1mci mo\u017enost\u00ed podporuje i dokument\u00e1rn\u00ed a edi\u010dn\u00ed po\u010diny. Autory mnoh\u00fdch publikac\u00ed jsou odborn\u00ed pracovn\u00edci muzea\" data-id=\"387\" data-link=\"https:\/\/www.marginalization.usd.cas.cz\/en\/muzeum-hlucinska\/201706291407411-1\/\" class=\"wp-image-387\" srcset=\"https:\/\/www.marginalization.usd.cas.cz\/en\/wp-content\/uploads\/2019\/03\/201706291407411-1.jpg 640w, https:\/\/www.marginalization.usd.cas.cz\/en\/wp-content\/uploads\/2019\/03\/201706291407411-1-194x300.jpg 194w\" sizes=\"(max-width: 640px) 100vw, 640px\" \/><\/a><\/figure><\/li><li class=\"blocks-gallery-item\"><figure><a href=\"https:\/\/www.marginalization.usd.cas.cz\/en\/wp-content\/uploads\/2019\/03\/201706291428121-1.jpg\"><img loading=\"lazy\" decoding=\"async\" width=\"640\" height=\"913\" src=\"https:\/\/www.marginalization.usd.cas.cz\/en\/wp-content\/uploads\/2019\/03\/201706291428121-1.jpg\" alt=\"Muzeum Hlu\u010d\u00ednska v r\u00e1mci mo\u017enost\u00ed podporuje i dokument\u00e1rn\u00ed a edi\u010dn\u00ed po\u010diny. Autory mnoh\u00fdch publikac\u00ed jsou odborn\u00ed pracovn\u00edci muzea\" data-id=\"388\" data-link=\"https:\/\/www.marginalization.usd.cas.cz\/en\/muzeum-hlucinska\/201706291428121-1\/\" class=\"wp-image-388\" srcset=\"https:\/\/www.marginalization.usd.cas.cz\/en\/wp-content\/uploads\/2019\/03\/201706291428121-1.jpg 640w, https:\/\/www.marginalization.usd.cas.cz\/en\/wp-content\/uploads\/2019\/03\/201706291428121-1-210x300.jpg 210w\" sizes=\"(max-width: 640px) 100vw, 640px\" \/><\/a><\/figure><\/li><li class=\"blocks-gallery-item\"><figure><a href=\"https:\/\/www.marginalization.usd.cas.cz\/en\/wp-content\/uploads\/2019\/03\/201706291447201-1.jpg\"><img loading=\"lazy\" decoding=\"async\" width=\"640\" height=\"944\" src=\"https:\/\/www.marginalization.usd.cas.cz\/en\/wp-content\/uploads\/2019\/03\/201706291447201-1.jpg\" alt=\"Muzeum Hlu\u010d\u00ednska v r\u00e1mci mo\u017enost\u00ed podporuje i dokument\u00e1rn\u00ed a edi\u010dn\u00ed po\u010diny. Autory mnoh\u00fdch publikac\u00ed jsou odborn\u00ed pracovn\u00edci muzea\" data-id=\"389\" data-link=\"https:\/\/www.marginalization.usd.cas.cz\/en\/muzeum-hlucinska\/201706291447201-1\/\" class=\"wp-image-389\" srcset=\"https:\/\/www.marginalization.usd.cas.cz\/en\/wp-content\/uploads\/2019\/03\/201706291447201-1.jpg 640w, https:\/\/www.marginalization.usd.cas.cz\/en\/wp-content\/uploads\/2019\/03\/201706291447201-1-203x300.jpg 203w\" sizes=\"(max-width: 640px) 100vw, 640px\" \/><\/a><\/figure><\/li><li class=\"blocks-gallery-item\"><figure><a href=\"https:\/\/www.marginalization.usd.cas.cz\/en\/wp-content\/uploads\/2019\/03\/201706301455371-1.jpg\"><img loading=\"lazy\" decoding=\"async\" width=\"640\" height=\"781\" src=\"https:\/\/www.marginalization.usd.cas.cz\/en\/wp-content\/uploads\/2019\/03\/201706301455371-1.jpg\" alt=\"Muzeum Hlu\u010d\u00ednska v r\u00e1mci mo\u017enost\u00ed podporuje i dokument\u00e1rn\u00ed a edi\u010dn\u00ed po\u010diny. Autory mnoh\u00fdch publikac\u00ed jsou odborn\u00ed pracovn\u00edci muzea\" data-id=\"390\" data-link=\"https:\/\/www.marginalization.usd.cas.cz\/en\/muzeum-hlucinska\/201706301455371-1\/\" class=\"wp-image-390\" srcset=\"https:\/\/www.marginalization.usd.cas.cz\/en\/wp-content\/uploads\/2019\/03\/201706301455371-1.jpg 640w, https:\/\/www.marginalization.usd.cas.cz\/en\/wp-content\/uploads\/2019\/03\/201706301455371-1-246x300.jpg 246w\" sizes=\"(max-width: 640px) 100vw, 640px\" \/><\/a><\/figure><\/li><\/ul>\n","protected":false},"excerpt":{"rendered":"<p>Adresa: Z\u00e1meck\u00e1 286\/4, 748 01 Hlu\u010d\u00edn Muzeum Hlu\u010d\u00ednska v r\u00e1mci mo\u017enost\u00ed podporuje i dokument\u00e1rn\u00ed a edi\u010dn\u00ed po\u010diny. Autory mnoh\u00fdch publikac\u00ed jsou odborn\u00ed pracovn\u00edci muzea.<\/p>\n","protected":false},"author":1,"featured_media":0,"parent":0,"menu_order":0,"comment_status":"closed","ping_status":"closed","template":"","meta":{"footnotes":""},"_links":{"self":[{"href":"https:\/\/www.marginalization.usd.cas.cz\/en\/wp-json\/wp\/v2\/pages\/378"}],"collection":[{"href":"https:\/\/www.marginalization.usd.cas.cz\/en\/wp-json\/wp\/v2\/pages"}],"about":[{"href":"https:\/\/www.marginalization.usd.cas.cz\/en\/wp-json\/wp\/v2\/types\/page"}],"author":[{"embeddable":true,"href":"https:\/\/www.marginalization.usd.cas.cz\/en\/wp-json\/wp\/v2\/users\/1"}],"replies":[{"embeddable":true,"href":"https:\/\/www.marginalization.usd.cas.cz\/en\/wp-json\/wp\/v2\/comments?post=378"}],"version-history":[{"count":17,"href":"https:\/\/www.marginalization.usd.cas.cz\/en\/wp-json\/wp\/v2\/pages\/378\/revisions"}],"predecessor-version":[{"id":515,"href":"https:\/\/www.marginalization.usd.cas.cz\/en\/wp-json\/wp\/v2\/pages\/378\/revisions\/515"}],"wp:attachment":[{"href":"https:\/\/www.marginalization.usd.cas.cz\/en\/wp-json\/wp\/v2\/media?parent=378"}],"curies":[{"name":"wp","href":"https:\/\/api.w.org\/{rel}","templated":true}]}}