{"id":15,"date":"2018-11-07T11:26:42","date_gmt":"2018-11-07T10:26:42","guid":{"rendered":"http:\/\/www.marginalization.usd.cas.cz\/en\/?page_id=15"},"modified":"2021-12-01T11:16:54","modified_gmt":"2021-12-01T10:16:54","slug":"literatura","status":"publish","type":"page","link":"https:\/\/www.marginalization.usd.cas.cz\/en\/literatura\/","title":{"rendered":"An overview of selected literature on the topic"},"content":{"rendered":"\n<div class=\"wp-block-themeisle-blocks-service\">\n<p>ASSMANN, Aleida\n2006: <em>Der lange Schatten der\nVergangenheit. Erinnerungskultur und Geschichtspolitk<\/em>. M\u00fcnchen<\/p>\n\n\n\n<p>ASSMANN, Jan \u2013\nCZAPLICA, John 1995: Collective memory and Cultural Identity. In: <em>New German Critique<\/em>, 65, s. 125\u2013133<\/p>\n\n\n\n<p>BOR\u00c1K, Me\u010dislav\n2010: Fenom\u00e9n n\u011bmeck\u00e9 volkslisty. In: PEJ\u010cOCH, Ivo \u2013 PLACH\u00dd, Ji\u0159\u00ed a kol.\n(eds.): <em>Okupace \u2013 Kolaborace \u2013 Retribuce.<\/em>\nPraha, s. 111\u2013119<\/p>\n\n\n\n<p>BROD, Toman \u2013\n\u010cEJKA, Eduard 1965: <em>Na z\u00e1padn\u00ed front\u011b.\nHistorie \u010deskoslovensk\u00fdch vojensk\u00fdch jednotek na Z\u00e1pad\u011b v&nbsp;letech druh\u00e9\nsv\u011btov\u00e9 v\u00e1lky<\/em>. Praha<\/p>\n\n\n\n<p>CONNERTON, Paul\n1989: How Societies Remember. Cambridge<\/p>\n\n\n\n<p>EMMERT,\nFranti\u0161ek 2005: <em>\u010ce\u0161i ve wehrmachtu.\nZaml\u010dovan\u00e9 osudy<\/em>. Praha<\/p>\n\n\n\n<p>FRIEDL, Ji\u0159\u00ed\n2003a: \u201eSlezan\u00e9, brat\u0159i od Ostravice a Olzy!\u201c Spory o zajatce z T\u011b\u0161\u00ednska mezi\n\u010cSR a Polskem 1943\u20131945. In: <em>Slezsk\u00fd sborn\u00edk \u2013 Acta Silesiaca : \u010dtvrtletn\u00edk pro v\u011bdy o spole\u010dnosti<\/em>,\n101, \u010d. 2, s. 94\u2013127<\/p>\n\n\n\n<p>FRIEDL, Ji\u0159\u00ed\n2003b: N\u011bme\u010dt\u00ed zajatci poch\u00e1zej\u00edc\u00ed z T\u011b\u0161\u00ednska jako p\u0159edm\u011bt sporu mezi polskou a\n\u010deskoslovenskou exilovou vl\u00e1dou v Lond\u00fdn\u011b: n\u00e1stin problematiky. In: <em>\u010ceskoslovensk\u00e1\narm\u00e1da 1939\u20131945 (pl\u00e1ny a skute\u010dnost). P\u0159\u00edsp\u011bvky z mezin\u00e1rodn\u00ed konference 22. \u2013\n23. \u0159\u00edjna 2002<\/em>. Praha, s. 214\u2013218<\/p>\n\n\n\n<p>FRIEDL, Ji\u0159\u00ed\n2005: <em>Vztahy \u010deskoslovensk\u00e9 a polsk\u00e9\narm\u00e1dy (Polskie Si\u0142y Zbrojne) za druh\u00e9 sv\u011btov\u00e9 v\u00e1lky<\/em>. Praha<\/p>\n\n\n\n<p>GILDEA, Robert 2002: <em>Marianne in Chains: In Search of the German\nOccupation of France, 1940\u20131945<\/em><\/p>\n\n\n\n<p>GILDEA, Robert\n2015: <em>Fighters in the Shadows: A New\nHistory of the French Resistance<\/em><\/p>\n\n\n\n<p>GRANDHOMME,\nJean-No\u00ebl 2011: <em>Les Malgr\u00e9-nous de la\nKriegsmarine. Destins Alsaciens et de Lorrains dans la marine de guerre du IIIe\nReich.<\/em> Strasbourg<\/p>\n\n\n\n<p>HAASE, Norbert\n\u2013 PAUL, Gerhard (eds.) 1995: <em>Die andere\nSoldaten. Wehrkraftzersetzung, Gehorsamverweigerung und Fahnenflucht im Zweiten\nWeltkrieg<\/em>. Frankfurt am Main<\/p>\n\n\n\n<p>HALBWACHS,\nMaurice 2009: <em>Kolektivn\u00ed pam\u011b\u0165<\/em>. Praha<\/p>\n\n\n\n<p>KACZMAREK,\nRyszard 2010: <em>Polacy w wehrmachcie<\/em>.\nKrak\u00f3w<\/p>\n\n\n\n<p>KOENIG, Pierre\n2007: <em>\u201eLes Malgr\u00e9-nous\u201c<\/em>. In: Revue\nd\u00b4Allemagne et des pays de langueallemande, 39, No 4, s. 485\u2013499<\/p>\n\n\n\n<p>KOKALJ-KO\u010cEVAR,\nMonika 1999: <em>Gestapo Volunteers: The\nUpper Carnolia Home Defence Force, 1943\u20131945<\/em>. Bayside (N.Y.)<\/p>\n\n\n\n<p>KOL. 1987: <em>Vojensk\u00e9 d\u011bjiny \u010ceskoslovenska. IV. d\u00edl\n(1939\u20131945)<\/em>. Praha<\/p>\n\n\n\n<p>KULKA, Erich\n1990: \u017did\u00e9 v&nbsp;\u010deskoslovensk\u00e9 Svobodov\u011b arm\u00e1d\u011b. Praha<\/p>\n\n\n\n<p>KULKA, Erich\n1992: \u017did\u00e9 v&nbsp;\u010deskoslovensk\u00e9m vojsku na Z\u00e1pad\u011b. Praha<\/p>\n\n\n\n<p>LAGROU, Pieter 2001: <em>The Legacy of Nazi Occupation. Patriotic\nMemory and National Recovery in Western Europe 1945\u20131965<\/em><\/p>\n\n\n\n<p>MAL\u00cd\u0158, Otmar\n2001: Ob\u010dan\u00e9 T\u011b\u0161\u00ednska u Dunkerque. In: <em>T\u011b\u0161\u00ednsko<\/em>,\n\u010d. 4, s. 9\u201317<\/p>\n\n\n\n<p>MAR\u0160\u00c1LEK,\nZdenko 2013a: Together into battle. The armies in exile: considerable value or \u201ca drop in the ocean\u201d?\nSborn\u00edk z mezin\u00e1rodn\u00ed konference <em>Czechoslovakia and the Oth<\/em><em>er Occupied Nations in London: The Story of the Exile Revisited After\nSeventy Years<\/em>.\nPraha 2017 (dosud v redakci)<\/p>\n\n\n\n<p>MAR\u0160\u00c1LEK,\nZdenko 2013b: \u010ceskoslovensk\u00e1\nzahrani\u010dn\u00ed arm\u00e1da 1939\u20131945 a marginalizace v procesu utv\u00e1\u0159en\u00ed kolektivn\u00ed\npam\u011bti. <em>Pam\u011b\u0165 \u2013 n\u00e1rod \u2013 men\u0161iny \u2013\nmarginalizace \u2013 identity I<\/em>, Praha, s. 41\u201348<\/p>\n\n\n\n<p>MAR\u0160\u00c1LEK, Zdenko 2014:\nMarginalization as a means of the artificial shaping of collective memory: A\ncase study of \u201cinconvenient\u201d groups of soldiers of the Czechoslovak\nunits-in-exile. <em>Pam\u011b\u0165 \u2013 n\u00e1rod \u2013 men\u0161iny \u2013\nmarginalizace \u2013 identity II<\/em>, Praha, s. 111\u2013118.<\/p>\n\n\n\n<p>MAR\u0160\u00c1LEK,\nZdenko 2017: <em>\u201e\u010cesk\u00e1\u201c, nebo \u201e\u010deskoslovensk\u00e1\u201c\narm\u00e1da? N\u00e1rodnostn\u00ed slo\u017een\u00ed \u010deskoslovensk\u00fdch jednotek v&nbsp;zahrani\u010d\u00ed\nv&nbsp;letech 1939\u20131945<\/em>. Praha 2017<\/p>\n\n\n\n<p>MICHELET, Louis-Christian 1995: La contibution\nmilitaire fran\u00e7aise a l&#8217;effort de guerre alli\u00e9 (1941\u20131945). In: <em>Guerres mondiales et conflicts contemporains<\/em>,\nNo 177, s. 7\u201319<\/p>\n\n\n\n<p>NEMIN\u00c1\u0158,\nJi\u0159\u00ed 2012: <em>Obyvatel\u00e9 Hlu\u010d\u00ednska v\n\u010deskoslovensk\u00e9 zahrani\u010dn\u00ed arm\u00e1d\u011b na z\u00e1pad\u011b<\/em>. Bakal\u00e1\u0159sk\u00e1 pr\u00e1ce, FF UK Praha<\/p>\n\n\n\n<p>NEMIN\u00c1\u0158,\nJi\u0159\u00ed 2015: <em>P\u0159ij\u00edm\u00e1n\u00ed voj\u00e1k\u016f Wehrmachtu do\n\u010deskoslovensk\u00e9 zahrani\u010dn\u00ed arm\u00e1dy na Z\u00e1pad\u011b b\u011bhem 2. sv\u011btov\u00e9 v\u00e1lky<\/em>.\nDiplomov\u00e1 pr\u00e1ce, FF UK Praha<\/p>\n\n\n\n<p>NEMIN\u00c1\u0158, Ji\u0159\u00ed\n2016: P\u0159ij\u00edm\u00e1n\u00ed do arm\u00e1dy jako proces p\u0159id\u011blov\u00e1n\u00ed identity? V\u00fdslechy a\nprov\u011b\u0159ov\u00e1n\u00ed n\u011bmeck\u00fdch zajatc\u016f \u010desk\u00e9ho p\u016fvodu. In: <em>Historie \u2013 Ot\u00e1zky \u2013 Probl\u00e9my<\/em>, \u010d. 1, s. 102\u2013119<\/p>\n\n\n\n<p>PIVCOV\u00c1, Zuzana\n2001: P\u0159ij\u00edm\u00e1n\u00ed zajatc\u016f z&nbsp;n\u011bmeck\u00e9 arm\u00e1dy do \u010ds. z\u00e1padn\u00ed arm\u00e1dy. In: <em>V\u00e1le\u010dn\u00fd rok 1944. P\u0159\u00edsp\u011bvky \u00fa\u010dastn\u00edk\u016f\nmezin\u00e1rodn\u00ed konference konan\u00e9 ve dnech 19. \u2013 20. \u0159\u00edjna 1999 v Praze<\/em>. Praha,\ns. 267\u2013270<\/p>\n\n\n\n<p>RIEDWEG, Eug\u00e8ne\n1995: <em>Les malgr\u00e9-nous. Histoire de\nl\u00b4incorporation des Alsaciens-Mosellans dans l\u00b4arm\u00e9e allemande<\/em>. Mulhouse<\/p>\n\n\n\n<p>STROH, Fr\u00e9d\u00e9ric\n\u2013 QUADFLIEG, Peter M. (eds.) 2016: <em>L\u00b4incorporation\nde force dans les territoires annex\u00e9s par le III<sup>e<\/sup> Reich. Die\nZwangsrekrutierung in dem von Dritten Reich annektierten Gebieten. 1939\u20131945<\/em>.\nStrassbourg<\/p>\n\n\n\n<p>SZCZEPULA,\nBarbara 2007: <em>Dziadek w Wehrmachcie<\/em>.\nGda\u0144sk<\/p>\n\n\n\n<p>WINTER, Jay\n(ed.) 2010: <em>A Social History of Silence\nin the Twentieth Century<\/em>. Cambridge<\/p>\n\n\n\n<p>ZUDOV\u00c1-LE\u0160KOV\u00c1,\nZlatica (ed.) 2007: <em>\u017did\u00e9 v&nbsp;boji a\nodboji. Rezistence \u010deskoslovensk\u00fdch \u017did\u016f v&nbsp;letech druh\u00e9 sv\u011btov\u00e9 v\u00e1lky<\/em>.\nPraha<\/p>\n<\/div>\n","protected":false},"excerpt":{"rendered":"","protected":false},"author":1,"featured_media":0,"parent":0,"menu_order":0,"comment_status":"closed","ping_status":"closed","template":"","meta":{"footnotes":""},"_links":{"self":[{"href":"https:\/\/www.marginalization.usd.cas.cz\/en\/wp-json\/wp\/v2\/pages\/15"}],"collection":[{"href":"https:\/\/www.marginalization.usd.cas.cz\/en\/wp-json\/wp\/v2\/pages"}],"about":[{"href":"https:\/\/www.marginalization.usd.cas.cz\/en\/wp-json\/wp\/v2\/types\/page"}],"author":[{"embeddable":true,"href":"https:\/\/www.marginalization.usd.cas.cz\/en\/wp-json\/wp\/v2\/users\/1"}],"replies":[{"embeddable":true,"href":"https:\/\/www.marginalization.usd.cas.cz\/en\/wp-json\/wp\/v2\/comments?post=15"}],"version-history":[{"count":30,"href":"https:\/\/www.marginalization.usd.cas.cz\/en\/wp-json\/wp\/v2\/pages\/15\/revisions"}],"predecessor-version":[{"id":734,"href":"https:\/\/www.marginalization.usd.cas.cz\/en\/wp-json\/wp\/v2\/pages\/15\/revisions\/734"}],"wp:attachment":[{"href":"https:\/\/www.marginalization.usd.cas.cz\/en\/wp-json\/wp\/v2\/media?parent=15"}],"curies":[{"name":"wp","href":"https:\/\/api.w.org\/{rel}","templated":true}]}}